{"id":14263,"date":"2020-03-13T11:32:53","date_gmt":"2020-03-13T11:32:53","guid":{"rendered":"https:\/\/gamdigital.com\/sube-tu-archivo\/"},"modified":"2020-05-05T09:11:19","modified_gmt":"2020-05-05T09:11:19","slug":"puja-el-teu-arxiu","status":"publish","type":"page","link":"https:\/\/gamdigital.com\/ca\/puja-el-teu-arxiu\/","title":{"rendered":"puja el teu arxiu"},"content":{"rendered":"<section class=\"wpb-content-wrapper\">[vc_row thb_full_width=&#8221;true&#8221; thb_divider_position=&#8221;bottom&#8221; css=&#8221;.vc_custom_1584609316569{padding-top: 150px !important;background-color: #ffffff !important;}&#8221;][vc_column width=&#8221;1\/4&#8243;][\/vc_column][vc_column width=&#8221;1\/2&#8243;][vc_column_text]\n<h2 style=\"text-align: center;\">Explica&#8217;ns en quina mena de treball est\u00e0s interessat o si necessites una visi\u00f3 externa i professional.<\/h2>\n<h4 style=\"text-align: center;\">Ens posarem en contacte al m\u00e9s aviat possible i t&#8217;assessorarem sobre la soluci\u00f3 que millor s&#8217;adapti.<br \/>\nSi ho creus necessari pots adjuntar-nos un arxiu (M\u00e0x. 2Mb).<\/h4>\n[\/vc_column_text][vc_empty_space][\/vc_column][vc_column width=&#8221;1\/4&#8243;][\/vc_column][\/vc_row][vc_row thb_divider_position=&#8221;bottom&#8221; css=&#8221;.vc_custom_1584609186411{background-color: #f4f4f4 !important;}&#8221;][vc_column][vc_row_inner][vc_column_inner width=&#8221;1\/6&#8243;][\/vc_column_inner][vc_column_inner width=&#8221;2\/3&#8243;][vc_empty_space][vc_empty_space]\n<div class=\"wpcf7 no-js\" id=\"wpcf7-f14735-o1\" lang=\"es-ES\" dir=\"ltr\">\n<div class=\"screen-reader-response\"><p role=\"status\" aria-live=\"polite\" aria-atomic=\"true\"><\/p> <ul><\/ul><\/div>\n<form action=\"\/ca\/wp-json\/wp\/v2\/pages\/14263#wpcf7-f14735-o1\" method=\"post\" class=\"wpcf7-form init wpcf7-acceptance-as-validation\" aria-label=\"Formulario de contacto\" novalidate=\"novalidate\" data-status=\"init\">\n<div style=\"display: none;\">\n<input type=\"hidden\" name=\"_wpcf7\" value=\"14735\" \/>\n<input type=\"hidden\" name=\"_wpcf7_version\" value=\"5.8.5\" \/>\n<input type=\"hidden\" name=\"_wpcf7_locale\" value=\"es_ES\" \/>\n<input type=\"hidden\" name=\"_wpcf7_unit_tag\" value=\"wpcf7-f14735-o1\" \/>\n<input type=\"hidden\" name=\"_wpcf7_container_post\" value=\"0\" \/>\n<input type=\"hidden\" name=\"_wpcf7_posted_data_hash\" value=\"\" \/>\n<\/div>\n<p><label> NOM I COGNOMS (obligatori)<br \/>\n<span class=\"wpcf7-form-control-wrap\" data-name=\"your-name\"><input size=\"40\" class=\"wpcf7-form-control wpcf7-text wpcf7-validates-as-required\" aria-required=\"true\" aria-invalid=\"false\" value=\"\" type=\"text\" name=\"your-name\" \/><\/span> <\/label>\n<\/p>\n<p><label> E-MAIL (obligatori)<br \/>\n<span class=\"wpcf7-form-control-wrap\" data-name=\"your-email\"><input size=\"40\" class=\"wpcf7-form-control wpcf7-email wpcf7-validates-as-required wpcf7-text wpcf7-validates-as-email\" aria-required=\"true\" aria-invalid=\"false\" value=\"\" type=\"email\" name=\"your-email\" \/><\/span> <\/label>\n<\/p>\n<p><label> ASSUMPTE<br \/>\n<span class=\"wpcf7-form-control-wrap\" data-name=\"your-subject\"><input size=\"40\" class=\"wpcf7-form-control wpcf7-text\" aria-invalid=\"false\" value=\"\" type=\"text\" name=\"your-subject\" \/><\/span> <\/label>\n<\/p>\n<p><label> MISSATGE<br \/>\n<span class=\"wpcf7-form-control-wrap\" data-name=\"your-message\"><textarea cols=\"40\" rows=\"10\" class=\"wpcf7-form-control wpcf7-textarea\" aria-invalid=\"false\" name=\"your-message\"><\/textarea><\/span> <\/label><br \/>\n<label><br \/>\n<span class=\"wpcf7-form-control-wrap\" data-name=\"upload-file-354\"><input size=\"40\" class=\"wpcf7-form-control wpcf7-drag-n-drop-file d-none\" aria-invalid=\"false\" type=\"file\" multiple=\"multiple\" data-name=\"upload-file-354\" data-id=\"14735\" data-version=\"free version 1.3.8.2\" accept=\".\" \/><\/span><br \/>\n<\/label><br \/>\n<label><span class=\"wpcf7-form-control-wrap\" data-name=\"privacidad\"><span class=\"wpcf7-form-control wpcf7-acceptance\"><span class=\"wpcf7-list-item\"><label><input type=\"checkbox\" name=\"privacidad\" value=\"1\" aria-invalid=\"false\" \/><span class=\"wpcf7-list-item-label\">HE ESTAT INFORMAT, ENTENC I AUTORITZO  <a rel=\"nofollow\" href=\"https:\/\/gamdigital.com\/ca\/politica-de-privacidad-y-proteccion-de-datos\/\" target=\"_blank\">EL TRACTAMENT DE DADES PERSONALS<\/a><\/span><\/label><\/span><\/span><\/span><\/label><br \/>\n<label><span class=\"wpcf7-form-control-wrap kc_captcha\" data-name=\"kc_captcha\"><span class=\"wpcf7-form-control wpcf7-radio\"><span class=\"captcha-image\" ><span class=\"cf7ic_instructions\">Por favor demuestra que eres humano, selecciona<span>  la tecla<\/span>.<\/span><label><input type=\"radio\" name=\"kc_captcha\" value=\"bot\" \/><svg width=\"50\" height=\"50\" aria-hidden=\"true\" role=\"img\" xmlns=\"http:\/\/www.w3.org\/2000\/svg\" viewBox=\"0 0 576 512\"><path fill=\"currentColor\" d=\"M259 18l-65 132-146 22c-26 3-37 36-18 54l106 103-25 146c-5 26 23 46 46 33l131-68 131 68c23 13 51-7 46-33l-25-146 106-103c19-18 8-51-18-54l-146-22-65-132a32 32 0 00-58 0z\"\/><\/svg><\/label><label><input type=\"radio\" name=\"kc_captcha\" value=\"kc_human\" \/><svg width=\"50\" height=\"50\" aria-hidden=\"true\" role=\"img\" xmlns=\"http:\/\/www.w3.org\/2000\/svg\" viewBox=\"0 0 512 512\"><path fill=\"currentColor\" d=\"M512 176a176 176 0 01-209 173l-24 27a24 24 0 01-18 8h-37v40c0 13-11 24-24 24h-40v40c0 13-11 24-24 24H24c-13 0-24-11-24-24v-78c0-6 3-13 7-17l162-162a176 176 0 11343-55zm-176-48a48 48 0 1096 0 48 48 0 00-96 0z\"\/><\/svg><\/label><label><input type=\"radio\" name=\"kc_captcha\" value=\"bot\" \/><svg width=\"50\" height=\"50\" aria-hidden=\"true\" role=\"img\" xmlns=\"http:\/\/www.w3.org\/2000\/svg\" viewBox=\"0 0 640 512\"><path fill=\"currentColor\" d=\"M624 352h-16V244c0-13-5-25-14-34L494 110c-9-9-21-14-34-14h-44V48c0-26-21-48-48-48H48C22 0 0 22 0 48v320c0 27 22 48 48 48h16a96 96 0 00192 0h128a96 96 0 00192 0h48c9 0 16-7 16-16v-32c0-9-7-16-16-16zM160 464a48 48 0 110-96 48 48 0 010 96zm320 0a48 48 0 110-96 48 48 0 010 96zm80-208H416V144h44l100 100v12z\"\/><\/svg><\/label>\n    <\/span>\n    <span style=\"display:none\">\n        <input type=\"text\" name=\"kc_honeypot\">\n    <\/span><\/span><\/span><\/label>\n<\/p>\n<p><input class=\"wpcf7-form-control wpcf7-submit has-spinner\" type=\"submit\" value=\"ENVIAR\" \/>\n<\/p><div class=\"wpcf7-response-output\" aria-hidden=\"true\"><\/div>\n<\/form>\n<\/div>\n[vc_empty_space][vc_column_text]\n<h6>En nom de l&#8217;empresa tractem la informaci\u00f3 que ens facilita amb la finalitat de prestar-los el servei sol\u00b7licitat. Les dades proporcionades es conservaran mentre es mantingui la relaci\u00f3 comercial o durant el temps necessari per a complir amb les obligacions legals. Les dades no se cediran a tercers excepte en els casos en qu\u00e8 existeixi una obligaci\u00f3 legal. Vost\u00e8 t\u00e9 dret a obtenir confirmaci\u00f3 sobre si en GAM DIGITAL S.L. estem tractant les seves dades personals per tant t\u00e9 dret a accedir a les seves dades personals, rectificar les dades inexactes o sol\u00b7licitar la seva supressi\u00f3 quan les dades ja no siguin necessaris. Pot tenir acc\u00e9s a informaci\u00f3 addicional sobre com tractem les seves dades en la secci\u00f3 \u201c<span style=\"color: #000000;\"><a style=\"color: #000000;\" href=\"https:\/\/gamdigital.com\/download\/14233\/\">Pol\u00edtica de Privacitat i Protecci\u00f3 de Dades<\/a><\/span>\u201d, en aquesta mateixa p\u00e0gina web.<\/h6>\n[\/vc_column_text][\/vc_column_inner][vc_column_inner width=&#8221;1\/6&#8243;][\/vc_column_inner][\/vc_row_inner][\/vc_column][\/vc_row]\n<\/section>","protected":false},"excerpt":{"rendered":"<p>[vc_row thb_full_width=&#8221;true&#8221; thb_divider_position=&#8221;bottom&#8221; css=&#8221;.vc_custom_1584609316569{padding-top: 150px !important;background-color: #ffffff !important;}&#8221;][vc_column width=&#8221;1\/4&#8243;][\/vc_column][vc_column width=&#8221;1\/2&#8243;][vc_column_text] Explica&#8217;ns en quina mena de treball est\u00e0s interessat o si necessites una visi\u00f3 externa i professional. Ens posarem en contacte al m\u00e9s aviat possible i t&#8217;assessorarem sobre la soluci\u00f3 que millor s&#8217;adapti. Si ho creus necessari pots adjuntar-nos un arxiu (M\u00e0x. 2Mb). [\/vc_column_text][vc_empty_space][\/vc_column][vc_column width=&#8221;1\/4&#8243;][\/vc_column][\/vc_row][vc_row thb_divider_position=&#8221;bottom&#8221;&hellip;<\/p>\n","protected":false},"author":1,"featured_media":0,"parent":0,"menu_order":0,"comment_status":"closed","ping_status":"closed","template":"","meta":[],"yoast_head":"<!-- This site is optimized with the Yoast SEO plugin v20.11 - https:\/\/yoast.com\/wordpress\/plugins\/seo\/ -->\n<title>puja el teu arxiu - GAM DIGITAL<\/title>\n<meta name=\"robots\" content=\"index, follow, max-snippet:-1, max-image-preview:large, max-video-preview:-1\" \/>\n<link rel=\"canonical\" href=\"https:\/\/gamdigital.com\/ca\/puja-el-teu-arxiu\/\" \/>\n<meta property=\"og:locale\" content=\"ca_ES\" \/>\n<meta property=\"og:type\" content=\"article\" \/>\n<meta property=\"og:title\" content=\"puja el teu arxiu - GAM DIGITAL\" \/>\n<meta property=\"og:description\" content=\"[vc_row thb_full_width=&#8221;true&#8221; thb_divider_position=&#8221;bottom&#8221; css=&#8221;.vc_custom_1584609316569{padding-top: 150px !important;background-color: #ffffff !important;}&#8221;][vc_column width=&#8221;1\/4&#8243;][\/vc_column][vc_column width=&#8221;1\/2&#8243;][vc_column_text] Explica&#8217;ns en quina mena de treball est\u00e0s interessat o si necessites una visi\u00f3 externa i professional. Ens posarem en contacte al m\u00e9s aviat possible i t&#8217;assessorarem sobre la soluci\u00f3 que millor s&#8217;adapti. Si ho creus necessari pots adjuntar-nos un arxiu (M\u00e0x. 2Mb). [\/vc_column_text][vc_empty_space][\/vc_column][vc_column width=&#8221;1\/4&#8243;][\/vc_column][\/vc_row][vc_row thb_divider_position=&#8221;bottom&#8221;&hellip;\" \/>\n<meta property=\"og:url\" content=\"https:\/\/gamdigital.com\/ca\/puja-el-teu-arxiu\/\" \/>\n<meta property=\"og:site_name\" content=\"GAM DIGITAL\" \/>\n<meta property=\"article:modified_time\" content=\"2020-05-05T09:11:19+00:00\" \/>\n<meta name=\"twitter:card\" content=\"summary_large_image\" \/>\n<meta name=\"twitter:label1\" content=\"Temps estimat de lectura\" \/>\n\t<meta name=\"twitter:data1\" content=\"1 minut\" \/>\n<script type=\"application\/ld+json\" class=\"yoast-schema-graph\">{\"@context\":\"https:\/\/schema.org\",\"@graph\":[{\"@type\":\"WebPage\",\"@id\":\"https:\/\/gamdigital.com\/ca\/puja-el-teu-arxiu\/\",\"url\":\"https:\/\/gamdigital.com\/ca\/puja-el-teu-arxiu\/\",\"name\":\"puja el teu arxiu - GAM DIGITAL\",\"isPartOf\":{\"@id\":\"https:\/\/gamdigital.com\/#website\"},\"datePublished\":\"2020-03-13T11:32:53+00:00\",\"dateModified\":\"2020-05-05T09:11:19+00:00\",\"breadcrumb\":{\"@id\":\"https:\/\/gamdigital.com\/ca\/puja-el-teu-arxiu\/#breadcrumb\"},\"inLanguage\":\"ca\",\"potentialAction\":[{\"@type\":\"ReadAction\",\"target\":[\"https:\/\/gamdigital.com\/ca\/puja-el-teu-arxiu\/\"]}]},{\"@type\":\"BreadcrumbList\",\"@id\":\"https:\/\/gamdigital.com\/ca\/puja-el-teu-arxiu\/#breadcrumb\",\"itemListElement\":[{\"@type\":\"ListItem\",\"position\":1,\"name\":\"Portada\",\"item\":\"https:\/\/gamdigital.com\/ca\/\"},{\"@type\":\"ListItem\",\"position\":2,\"name\":\"puja el teu arxiu\"}]},{\"@type\":\"WebSite\",\"@id\":\"https:\/\/gamdigital.com\/#website\",\"url\":\"https:\/\/gamdigital.com\/\",\"name\":\"GAM DIGITAL\",\"description\":\"Especialistes en impressi\u00f3 digital d\u2019alta qualitat\",\"potentialAction\":[{\"@type\":\"SearchAction\",\"target\":{\"@type\":\"EntryPoint\",\"urlTemplate\":\"https:\/\/gamdigital.com\/?s={search_term_string}\"},\"query-input\":\"required name=search_term_string\"}],\"inLanguage\":\"ca\"}]}<\/script>\n<!-- \/ Yoast SEO plugin. -->","yoast_head_json":{"title":"puja el teu arxiu - GAM DIGITAL","robots":{"index":"index","follow":"follow","max-snippet":"max-snippet:-1","max-image-preview":"max-image-preview:large","max-video-preview":"max-video-preview:-1"},"canonical":"https:\/\/gamdigital.com\/ca\/puja-el-teu-arxiu\/","og_locale":"ca_ES","og_type":"article","og_title":"puja el teu arxiu - GAM DIGITAL","og_description":"[vc_row thb_full_width=&#8221;true&#8221; thb_divider_position=&#8221;bottom&#8221; css=&#8221;.vc_custom_1584609316569{padding-top: 150px !important;background-color: #ffffff !important;}&#8221;][vc_column width=&#8221;1\/4&#8243;][\/vc_column][vc_column width=&#8221;1\/2&#8243;][vc_column_text] Explica&#8217;ns en quina mena de treball est\u00e0s interessat o si necessites una visi\u00f3 externa i professional. Ens posarem en contacte al m\u00e9s aviat possible i t&#8217;assessorarem sobre la soluci\u00f3 que millor s&#8217;adapti. Si ho creus necessari pots adjuntar-nos un arxiu (M\u00e0x. 2Mb). [\/vc_column_text][vc_empty_space][\/vc_column][vc_column width=&#8221;1\/4&#8243;][\/vc_column][\/vc_row][vc_row thb_divider_position=&#8221;bottom&#8221;&hellip;","og_url":"https:\/\/gamdigital.com\/ca\/puja-el-teu-arxiu\/","og_site_name":"GAM DIGITAL","article_modified_time":"2020-05-05T09:11:19+00:00","twitter_card":"summary_large_image","twitter_misc":{"Temps estimat de lectura":"1 minut"},"schema":{"@context":"https:\/\/schema.org","@graph":[{"@type":"WebPage","@id":"https:\/\/gamdigital.com\/ca\/puja-el-teu-arxiu\/","url":"https:\/\/gamdigital.com\/ca\/puja-el-teu-arxiu\/","name":"puja el teu arxiu - GAM DIGITAL","isPartOf":{"@id":"https:\/\/gamdigital.com\/#website"},"datePublished":"2020-03-13T11:32:53+00:00","dateModified":"2020-05-05T09:11:19+00:00","breadcrumb":{"@id":"https:\/\/gamdigital.com\/ca\/puja-el-teu-arxiu\/#breadcrumb"},"inLanguage":"ca","potentialAction":[{"@type":"ReadAction","target":["https:\/\/gamdigital.com\/ca\/puja-el-teu-arxiu\/"]}]},{"@type":"BreadcrumbList","@id":"https:\/\/gamdigital.com\/ca\/puja-el-teu-arxiu\/#breadcrumb","itemListElement":[{"@type":"ListItem","position":1,"name":"Portada","item":"https:\/\/gamdigital.com\/ca\/"},{"@type":"ListItem","position":2,"name":"puja el teu arxiu"}]},{"@type":"WebSite","@id":"https:\/\/gamdigital.com\/#website","url":"https:\/\/gamdigital.com\/","name":"GAM DIGITAL","description":"Especialistes en impressi\u00f3 digital d\u2019alta qualitat","potentialAction":[{"@type":"SearchAction","target":{"@type":"EntryPoint","urlTemplate":"https:\/\/gamdigital.com\/?s={search_term_string}"},"query-input":"required name=search_term_string"}],"inLanguage":"ca"}]}},"_links":{"self":[{"href":"https:\/\/gamdigital.com\/ca\/wp-json\/wp\/v2\/pages\/14263"}],"collection":[{"href":"https:\/\/gamdigital.com\/ca\/wp-json\/wp\/v2\/pages"}],"about":[{"href":"https:\/\/gamdigital.com\/ca\/wp-json\/wp\/v2\/types\/page"}],"author":[{"embeddable":true,"href":"https:\/\/gamdigital.com\/ca\/wp-json\/wp\/v2\/users\/1"}],"replies":[{"embeddable":true,"href":"https:\/\/gamdigital.com\/ca\/wp-json\/wp\/v2\/comments?post=14263"}],"version-history":[{"count":10,"href":"https:\/\/gamdigital.com\/ca\/wp-json\/wp\/v2\/pages\/14263\/revisions"}],"predecessor-version":[{"id":14872,"href":"https:\/\/gamdigital.com\/ca\/wp-json\/wp\/v2\/pages\/14263\/revisions\/14872"}],"wp:attachment":[{"href":"https:\/\/gamdigital.com\/ca\/wp-json\/wp\/v2\/media?parent=14263"}],"curies":[{"name":"wp","href":"https:\/\/api.w.org\/{rel}","templated":true}]}}