{"id":14258,"date":"2020-03-28T18:37:47","date_gmt":"2020-03-28T18:37:47","guid":{"rendered":"https:\/\/gamdigital.com\/politica-de-privacidad-y-proteccion-de-datos\/"},"modified":"2020-03-31T07:15:15","modified_gmt":"2020-03-31T07:15:15","slug":"politica-de-privacidad-y-proteccion-de-datos","status":"publish","type":"page","link":"https:\/\/gamdigital.com\/ca\/politica-de-privacidad-y-proteccion-de-datos\/","title":{"rendered":"Pol\u00edtica de Privacidad<br> y Protecci\u00f3n de Datos"},"content":{"rendered":"<section class=\"wpb-content-wrapper\">[vc_row parallax=&#8221;content-moving&#8221; parallax_image=&#8221;11006&#8243; thb_divider_position=&#8221;bottom&#8221; css=&#8221;.vc_custom_1566155086726{padding-top: 150px !important;padding-bottom: 100px !important;}&#8221;][vc_column][vc_row_inner][vc_column_inner][\/vc_column_inner][\/vc_row_inner][vc_row_inner css=&#8221;.vc_custom_1585485553553{padding-right: 5vh !important;padding-left: 5vh !important;}&#8221;][vc_column_inner][vc_column_text el_id=&#8221;Y&#8221;]\n<h2 style=\"color: #172e4b; text-align: left;\">POL\u00cdTICA DE PRIVACIDAD Y PROTECCI\u00d3N DE DATOS<\/h2>\n[\/vc_column_text][vc_column_text]<a href=\"https:\/\/gamdigital.com\/wp-content\/uploads\/2020\/03\/Politica-de-Privacidad-y-prote-ccio\u0301n-de-datos-CASTELLANO.pdf\" class=\"pdfemb-viewer\" style=\"\" data-width=\"max\" data-height=\"max\" data-toolbar=\"both\" data-toolbar-fixed=\"on\">Politica de Privacidad y prote ccio\u0301n de datos - CASTELLANO<\/a>[\/vc_column_text][vc_btn title=&#8221;DESCARGA&#8221; style=&#8221;flat&#8221; shape=&#8221;square&#8221; color=&#8221;green&#8221; link=&#8221;url:https%3A%2F%2Fgamdigital.com%2Fdownload%2F14233%2F|||&#8221;][\/vc_column_inner][\/vc_row_inner][vc_row_inner disable_element=&#8221;yes&#8221; css=&#8221;.vc_custom_1585506267137{padding-right: 5vh !important;padding-left: 5vh !important;}&#8221;][vc_column_inner][vc_column_text]\n<h2 style=\"color: #00ff00; text-align: left;\">POL\u00cdTICA DE PRIVACIDAD Y PROTECCI\u00d3N DE DATOS<\/h2>\n[\/vc_column_text]\t<a class=\"btn      small\" href=\"https:\/\/gamdigital.com\/download\/14233\/\" target=\"_blank\" role=\"button\" title=\"DESCARGA\"><span>DESCARGA<\/span><\/a>\n\n  [vc_column_text]\n<p><strong>1. Informaci\u00f3n General<\/strong><\/p>\n<p>La presente &#8220;Pol\u00edtica de Privacidad y Protecci\u00f3n de Datos&#8221; tiene como finalidad dar a conocer las condiciones que rigen la recogida y tratamiento de sus datos personales por parte de nuestra entidad o grupo corporativo para velar por los derechos fundamentales, su honor y libertades, todo ello en cumplimiento de las normativas vigentes que regulan la Protecci\u00f3n de Datos personales seg\u00fan la Uni\u00f3n Europea y el Estado Miembro espa\u00f1ol.<br \/>\nEn conformidad con dichas normativas, necesitamos disponer de su autorizaci\u00f3n y consentimiento para larecogida y el tratamiento de sus datos personales, por lo que a continuaci\u00f3n, le indicamos todos los detalles de su inter\u00e9s respecto a c\u00f3mo realizamos estos procesos, con qu\u00e9 finalidades, que otras entidades podr\u00edan tener acceso a sus datos y cu\u00e1les son sus derechos. Por todo lo expuesto, una vez revisada y le\u00edda nuestra Pol\u00edtica de Protecci\u00f3n de Datos, es imprescindibleque la acepte en prueba de su conformidad y consentimiento.<\/p>\n[\/vc_column_text][vc_column_text]\n<p><strong>2. Responsable del Tratamiento<\/strong><\/p>\n<p>\u00bfQui\u00e9n recaba y trata sus datos?<br \/>\nEl Responsable del Tratamiento de Datos es aquella persona f\u00edsica o jur\u00eddica, de naturaleza p\u00fablica o privada, u \u00f3rgano administrativo, que solo o conjuntamente con otros determine los fines y medios del tratamiento de datos personales; en caso de que los fines y medios del tratamiento est\u00e9n determinados por el Derecho de la Uni\u00f3n Europea o del Estado Miembro espa\u00f1ol.En este caso, nuestros datos identificativos como Responsable del Tratamiento son los siguientes:<br \/>\nGAM DIGITAL S.L &#8211; CIF B61436994<\/p>\n<p>\u00bfC\u00f3mo puede contactar con nosotros?<br \/>\nDomicilio de nuestras oficinas:<br \/>\nc\/ Bonsoms 12 bajos. 08028, BARCELONA (Barcelona), Espa\u00f1a<br \/>\nEmail: j.vidal@gamdigital.com &#8211; Tel\u00e9fono: 932980886<br \/>\nDomicilio postal:<br \/>\nc\/ Bonsoms 12 bajos. 08028, BARCELONA (Barcelona), Espa\u00f1a<\/p>\n[\/vc_column_text][vc_column_text]\n<p><strong>3. Medidas de Seguridad<br \/>\n<\/strong><\/p>\n<p>\u00bfQu\u00e9 hacemos para garantizar la privacidad de sus datos?Nuestra entidad o grupo corporativo adopta las medidas organizativas y t\u00e9cnicas necesarias para<br \/>\ngarantizar la seguridad y la privacidad de sus datos, evitar su alteraci\u00f3n, p\u00e9rdida, tratamiento o acceso no autorizado, dependiendo del estado de la tecnolog\u00eda, la naturaleza de los datos almacenado y los riesgos a que est\u00e1n expuestos.<br \/>\nEntre otras, destacan las siguientes medidas:<br \/>\n-Garantizar la confidencialidad, integridad, disponibilidad y resiliencia permanentes de los sistemas y servicios de tratamiento.<br \/>\n-Restaurar la disponibilidad y el acceso a los datos personales de forma r\u00e1pida, en caso de incidente f\u00edsico o t\u00e9cnico.<br \/>\n-Verificar, evaluar y valorar, de forma regular, la eficacia de las medidas t\u00e9cnicas y organizativas implementadas para garantizar la seguridad del tratamiento.<br \/>\n-Seudonimizar y cifrar los datos personales, en caso de que se trate de datos sensibles.<\/p>\n[\/vc_column_text][vc_column_text]<strong>4. Finalidad del Tratamiento<br \/>\n<\/strong><\/p>\n<p>\u00bfPara qu\u00e9 queremos tratar sus datos?<\/p>\n<p>Necesitamos su autorizaci\u00f3n y consentimiento para recabar y tratar sus datos personales, por lo que a continuaci\u00f3n le detallamos los usos y finalidades previstas.<br \/>\n-FACTURACI\u00d3N A CLIENTES Gesti\u00f3n de clientes\/proveedores, contable, fiscal y administrativa GAM DIGITAL S.L<br \/>\n-TRAMITACI\u00d3N DE PRESUPUESTOS Gesti\u00f3n de clientes potenciales y contactos<br \/>\n-RECEPCI\u00d3N DE CURRICULUMS Selecci\u00f3n de personal<\/p>\n<p>\u00bfDurante cu\u00e1nto tiempo conservamos sus datos?<\/p>\n<p>Utilizamos sus datos durante el tiempo estrictamente necesario para cumplir las finalidades indicadas anteriormente. Salvo que exista una obligaci\u00f3n o requerimiento legal, los plazos de conservaci\u00f3n previstos son:<\/p>\n<p>-FACTURACI\u00d3N A CLIENTES: Mientras se mantenga la relaci\u00f3n mercantil<br \/>\n-TRAMITACI\u00d3N DE PRESUPUESTOS: Mientras no se solicite su supresi\u00f3n por el interesado<br \/>\n-RECEPCI\u00d3N DE CURRICULUMS: Mientras no se solicite su supresi\u00f3n por el interesado[\/vc_column_text][vc_column_text]<strong>5.- Legitimaci\u00f3n del Tratamiento<\/strong><br \/>\n\u00bfPor qu\u00e9 tratamos sus datos?<br \/>\nLa recogida y el tratamiento de sus datos est\u00e1 legitimado siempre por una o varias bases jur\u00eddicas, las<br \/>\ncuales detallamos a continuaci\u00f3n:<br \/>\n-FACTURACI\u00d3N A CLIENTES: Existencia de una relaci\u00f3n contractual con el interesado mediante contrato o precontrato ; Inter\u00e9s leg\u00edtimo del Responsable del Tratamiento o de terceros.<br \/>\n-TRAMITACI\u00d3N DE PRESUPUESTOS: Inter\u00e9s leg\u00edtimo del Responsable del Tratamiento o de terceros<br \/>\n-RECEPCI\u00d3N DE CURRICULUMS: Consentimiento expl\u00edcito del interesado[\/vc_column_text][vc_column_text]<strong>6.- Destinatarios de sus Datos<\/strong><br \/>\n\u00bfA qui\u00e9nes cedemos sus datos dentro de la Uni\u00f3n Europea?<br \/>\nNo realizamos cesiones de sus datos a terceras personas ni entidades, salvo obligaci\u00f3n legal.<br \/>\n\u00bfRealizamos Transferencias Internacionales de sus datos fuera de la Uni\u00f3n Europea?<br \/>\nNo realizamos transferencias internacionales de sus datos[\/vc_column_text][vc_column_text]<strong>7.- Procedencia y Tipos de Datos Tratados <\/strong><br \/>\n\u00bfDe d\u00f3nde hemos obtenido sus datos?<br \/>\n-FACTURACI\u00d3N A CLIENTES: Clientes: El propio interesado o su representante legal<br \/>\n-TRAMITACI\u00d3N DE PRESUPUESTOS: Clientes: El propio interesado o su representante legal. Potenciales Clientes: El propio interesado o su representante legal<br \/>\n-RECEPCI\u00d3N DE CURRICULUMS: Potenciales Trabajadores: El propio interesado o su representante legal<\/p>\n<p>\u00bfQu\u00e9 tipos de datos suyos hemos recabado y tratamos?<br \/>\nFACTURACI\u00d3N A CLIENTES<br \/>\nFinalidades:<br \/>\nGesti\u00f3n de clientes\/proveedores, contable, fiscal y administrativa<\/p>\n<p><strong>CLIENTES<\/strong><br \/>\nDatos identificativos<br \/>\nDirecci\u00f3n electr\u00f3nica<br \/>\nDirecci\u00f3n postal<br \/>\nNIF \/ NIE \/ Pasaporte<br \/>\nNombre y Apellidos<br \/>\nEcon\u00f3micos, financieros y de seguros<br \/>\nDatos bancarios<\/p>\n<p><strong>POTENCIALES CLIENTES<\/strong><br \/>\nDatos identificativos<br \/>\nDirecci\u00f3n electr\u00f3nica<br \/>\nDirecci\u00f3n postal<br \/>\nNombre y Apellidos<br \/>\nTel\u00e9fono<\/p>\n<p>RECEPCI\u00d3N DE CURRICULUMS<br \/>\nFinalidades:<br \/>\nSelecci\u00f3n de personal<\/p>\n<p><strong>POTENCIALES TRABAJADORES<\/strong><br \/>\nDatos identificativos<br \/>\nDirecci\u00f3n electr\u00f3nica<br \/>\nTel\u00e9fono<br \/>\nDirecci\u00f3n postal<br \/>\nFirma manuscrita<br \/>\nImagen<br \/>\nNIF \/ NIE \/ Pasaporte<br \/>\nNombre y Apellidos<br \/>\nAcad\u00e9mico y profesionales<br \/>\nTitulaciones<br \/>\nExperiencia profesional<br \/>\nCurr\u00edculum Vitae<br \/>\nCaracter\u00edsticas personales<br \/>\nFecha de nacimiento<br \/>\nDetalles de empleo<br \/>\nPuestos de trabajo<br \/>\nHistorial del trabajador<br \/>\nProfesi\u00f3n[\/vc_column_text][vc_column_text]<strong>8.- Derecho de los interesados <\/strong><\/p>\n<p>\u00bfCu\u00e1les son los derechos que le amparan?<br \/>\nLa normativa vigente de protecci\u00f3n de datos le ampara en una serie de derechos en relaci\u00f3n al uso quele damos a sus datos. Todos y cada uno de sus derechos son unipersonales e intransferibles, es decir, que \u00fanicamente pueden ser realizados por el titular de los datos, previa comprobaci\u00f3n de su identidad.<br \/>\nA continuaci\u00f3n, le indicamos cuales son los derechos que le asisten:<br \/>\n-Solicitar el ACCESO a sus datos personales<br \/>\n-Solicitar la RECTIFICACION de sus datos<br \/>\n-Solicitar la SUPRESI\u00d3N o eliminaci\u00f3n de sus datos (derecho al &#8220;olvido&#8221;)<br \/>\n-LIMITAR u OPONERSE al uso que le damos a sus datos<br \/>\n-Derecho a la PORTABILIDAD de sus datos para casos de servicios de telecomunicaciones o<br \/>\ninternet.<br \/>\n-Derecho a RETIRAR su consentimiento en cualquier momento<br \/>\n-Derecho a presentar una RECLAMACI\u00d3N en materia de protecci\u00f3n de datos ante la Autoridad de<br \/>\nControl: Agencia Espa\u00f1ola de Protecci\u00f3n de Datos<\/p>\n<p>\u00bfC\u00f3mo puede ejercer sus derechos en relaci\u00f3n a sus datos?<br \/>\nPara el ejercicio de sus derechos de acceso, recti?caci\u00f3n, supresi\u00f3n, limitaci\u00f3n u oposici\u00f3n, portabilidad y retirada de su consentimiento, puede hacerlo de la siguiente forma:<br \/>\nFACTURACI\u00d3N A CLIENTES<br \/>\nResponsable: GAM DIGITAL S.L<br \/>\nDirecci\u00f3n: c\/ Bonsoms 12 bajos. 08028, BARCELONA (Barcelona), Espa\u00f1a<br \/>\nTel\u00e9fono: 932980886<br \/>\nE-mail: j.vidal@gamdigital.com<br \/>\nP\u00e1gina web: http:\/\/www.gamdigital.com\/<br \/>\nTRAMITACI\u00d3N DE PRESUPUESTOS<br \/>\nResponsable: GAM DIGITAL S.L<br \/>\nDirecci\u00f3n: c\/ Bonsoms 12 bajos. 08028, BARCELONA (Barcelona), Espa\u00f1a<br \/>\nTel\u00e9fono: 932980886<br \/>\nE-mail: j.vidal@gamdigital.com<br \/>\nP\u00e1gina web: http:\/\/www.gamdigital.com\/<br \/>\nRECEPCI\u00d3N DE CURRICULUMS<br \/>\nResponsable: GAM DIGITAL S.L<br \/>\nDirecci\u00f3n: c\/ Bonsoms 12 bajos. 08028, BARCELONA (Barcelona), Espa\u00f1a<br \/>\nTel\u00e9fono: 932980886<br \/>\nE-mail: j.vidal@gamdigital.com<br \/>\nP\u00e1gina web: http:\/\/www.gamdigital.com\/<\/p>\n<p>\u00bfC\u00f3mo puede presentar una reclamaci\u00f3n?<br \/>\nAdem\u00e1s de los derechos que le asisten, si cree que sus datos no se est\u00e1n recabando o tratando conforme a la normativa vigente de Protecci\u00f3n de Datos, usted podr\u00e1 realizar una reclamaci\u00f3n ante la Autoridad de Control, cuyos datos de contacto indicamos a continuaci\u00f3n:<br \/>\nAgencia Espa\u00f1ola de Protecci\u00f3n de Datos<br \/>\nC\/. Jorge Juan, 6. 28001, Madrid (Madrid), Espa\u00f1a<br \/>\nEmail: info@agpd.es &#8211; Tel\u00e9fono: 912663517<br \/>\nWeb: https:\/\/www.agpd.es[\/vc_column_text][vc_column_text]<strong>8.- Consentimiento y Aceptaci\u00f3n <\/strong><\/p>\n<p>La aceptaci\u00f3n del presente documento indica que usted entiende, acepta todas las cl\u00e1usulas de nuestra pol\u00edtica de privacidad por lo que autoriza la recogida y el tratamiento de sus datos personales en estos t\u00e9rminos. Esta aceptaci\u00f3n se realiza mediante la activaci\u00f3n de la casilla de veri?caci\u00f3n de &#8220;Lectura y<br \/>\nAceptaci\u00f3n&#8221; de nuestra Pol\u00edtica de Privacidad.<\/p>\n[\/vc_column_text][\/vc_column_inner][\/vc_row_inner][\/vc_column][\/vc_row]\n<\/section>","protected":false},"excerpt":{"rendered":"<p>[vc_row parallax=&#8221;content-moving&#8221; parallax_image=&#8221;11006&#8243; thb_divider_position=&#8221;bottom&#8221; css=&#8221;.vc_custom_1566155086726{padding-top: 150px !important;padding-bottom: 100px !important;}&#8221;][vc_column][vc_row_inner][vc_column_inner][\/vc_column_inner][\/vc_row_inner][vc_row_inner css=&#8221;.vc_custom_1585485553553{padding-right: 5vh !important;padding-left: 5vh !important;}&#8221;][vc_column_inner][vc_column_text el_id=&#8221;Y&#8221;] POL\u00cdTICA DE PRIVACIDAD Y PROTECCI\u00d3N DE DATOS [\/vc_column_text][vc_column_text][\/vc_column_text][vc_btn title=&#8221;DESCARGA&#8221; style=&#8221;flat&#8221; shape=&#8221;square&#8221; color=&#8221;green&#8221; link=&#8221;url:https%3A%2F%2Fgamdigital.com%2Fdownload%2F14233%2F|||&#8221;][\/vc_column_inner][\/vc_row_inner][vc_row_inner disable_element=&#8221;yes&#8221; css=&#8221;.vc_custom_1585506267137{padding-right: 5vh !important;padding-left: 5vh !important;}&#8221;][vc_column_inner][vc_column_text] POL\u00cdTICA DE PRIVACIDAD Y PROTECCI\u00d3N DE DATOS [\/vc_column_text][vc_column_text] 1. Informaci\u00f3n General La presente &#8220;Pol\u00edtica de Privacidad y Protecci\u00f3n de Datos&#8221; tiene&hellip;<\/p>\n","protected":false},"author":1,"featured_media":0,"parent":0,"menu_order":0,"comment_status":"closed","ping_status":"closed","template":"","meta":[],"yoast_head":"<!-- This site is optimized with the Yoast SEO plugin v20.11 - https:\/\/yoast.com\/wordpress\/plugins\/seo\/ -->\n<title>Pol\u00edtica de Privacidad y Protecci\u00f3n de Datos - GAM DIGITAL<\/title>\n<meta name=\"robots\" content=\"index, follow, max-snippet:-1, max-image-preview:large, max-video-preview:-1\" \/>\n<link rel=\"canonical\" href=\"https:\/\/gamdigital.com\/ca\/politica-de-privacidad-y-proteccion-de-datos\/\" \/>\n<meta property=\"og:locale\" content=\"ca_ES\" \/>\n<meta property=\"og:type\" content=\"article\" \/>\n<meta property=\"og:title\" content=\"Pol\u00edtica de Privacidad y Protecci\u00f3n de Datos - GAM DIGITAL\" \/>\n<meta property=\"og:description\" content=\"[vc_row parallax=&#8221;content-moving&#8221; parallax_image=&#8221;11006&#8243; thb_divider_position=&#8221;bottom&#8221; css=&#8221;.vc_custom_1566155086726{padding-top: 150px !important;padding-bottom: 100px !important;}&#8221;][vc_column][vc_row_inner][vc_column_inner][\/vc_column_inner][\/vc_row_inner][vc_row_inner css=&#8221;.vc_custom_1585485553553{padding-right: 5vh !important;padding-left: 5vh !important;}&#8221;][vc_column_inner][vc_column_text el_id=&#8221;Y&#8221;] POL\u00cdTICA DE PRIVACIDAD Y PROTECCI\u00d3N DE DATOS [\/vc_column_text][vc_column_text][\/vc_column_text][vc_btn title=&#8221;DESCARGA&#8221; style=&#8221;flat&#8221; shape=&#8221;square&#8221; color=&#8221;green&#8221; link=&#8221;url:https%3A%2F%2Fgamdigital.com%2Fdownload%2F14233%2F|||&#8221;][\/vc_column_inner][\/vc_row_inner][vc_row_inner disable_element=&#8221;yes&#8221; css=&#8221;.vc_custom_1585506267137{padding-right: 5vh !important;padding-left: 5vh !important;}&#8221;][vc_column_inner][vc_column_text] POL\u00cdTICA DE PRIVACIDAD Y PROTECCI\u00d3N DE DATOS [\/vc_column_text][vc_column_text] 1. Informaci\u00f3n General La presente &#8220;Pol\u00edtica de Privacidad y Protecci\u00f3n de Datos&#8221; tiene&hellip;\" \/>\n<meta property=\"og:url\" content=\"https:\/\/gamdigital.com\/ca\/politica-de-privacidad-y-proteccion-de-datos\/\" \/>\n<meta property=\"og:site_name\" content=\"GAM DIGITAL\" \/>\n<meta property=\"article:modified_time\" content=\"2020-03-31T07:15:15+00:00\" \/>\n<meta name=\"twitter:card\" content=\"summary_large_image\" \/>\n<meta name=\"twitter:label1\" content=\"Temps estimat de lectura\" \/>\n\t<meta name=\"twitter:data1\" content=\"8 minuts\" \/>\n<script type=\"application\/ld+json\" class=\"yoast-schema-graph\">{\"@context\":\"https:\/\/schema.org\",\"@graph\":[{\"@type\":\"WebPage\",\"@id\":\"https:\/\/gamdigital.com\/ca\/politica-de-privacidad-y-proteccion-de-datos\/\",\"url\":\"https:\/\/gamdigital.com\/ca\/politica-de-privacidad-y-proteccion-de-datos\/\",\"name\":\"Pol\u00edtica de Privacidad y Protecci\u00f3n de Datos - GAM DIGITAL\",\"isPartOf\":{\"@id\":\"https:\/\/gamdigital.com\/#website\"},\"datePublished\":\"2020-03-28T18:37:47+00:00\",\"dateModified\":\"2020-03-31T07:15:15+00:00\",\"breadcrumb\":{\"@id\":\"https:\/\/gamdigital.com\/ca\/politica-de-privacidad-y-proteccion-de-datos\/#breadcrumb\"},\"inLanguage\":\"ca\",\"potentialAction\":[{\"@type\":\"ReadAction\",\"target\":[\"https:\/\/gamdigital.com\/ca\/politica-de-privacidad-y-proteccion-de-datos\/\"]}]},{\"@type\":\"BreadcrumbList\",\"@id\":\"https:\/\/gamdigital.com\/ca\/politica-de-privacidad-y-proteccion-de-datos\/#breadcrumb\",\"itemListElement\":[{\"@type\":\"ListItem\",\"position\":1,\"name\":\"Portada\",\"item\":\"https:\/\/gamdigital.com\/ca\/\"},{\"@type\":\"ListItem\",\"position\":2,\"name\":\"Pol\u00edtica de Privacidad y Protecci\u00f3n de Datos\"}]},{\"@type\":\"WebSite\",\"@id\":\"https:\/\/gamdigital.com\/#website\",\"url\":\"https:\/\/gamdigital.com\/\",\"name\":\"GAM DIGITAL\",\"description\":\"Especialistes en impressi\u00f3 digital d\u2019alta qualitat\",\"potentialAction\":[{\"@type\":\"SearchAction\",\"target\":{\"@type\":\"EntryPoint\",\"urlTemplate\":\"https:\/\/gamdigital.com\/?s={search_term_string}\"},\"query-input\":\"required name=search_term_string\"}],\"inLanguage\":\"ca\"}]}<\/script>\n<!-- \/ Yoast SEO plugin. -->","yoast_head_json":{"title":"Pol\u00edtica de Privacidad y Protecci\u00f3n de Datos - GAM DIGITAL","robots":{"index":"index","follow":"follow","max-snippet":"max-snippet:-1","max-image-preview":"max-image-preview:large","max-video-preview":"max-video-preview:-1"},"canonical":"https:\/\/gamdigital.com\/ca\/politica-de-privacidad-y-proteccion-de-datos\/","og_locale":"ca_ES","og_type":"article","og_title":"Pol\u00edtica de Privacidad y Protecci\u00f3n de Datos - GAM DIGITAL","og_description":"[vc_row parallax=&#8221;content-moving&#8221; parallax_image=&#8221;11006&#8243; thb_divider_position=&#8221;bottom&#8221; css=&#8221;.vc_custom_1566155086726{padding-top: 150px !important;padding-bottom: 100px !important;}&#8221;][vc_column][vc_row_inner][vc_column_inner][\/vc_column_inner][\/vc_row_inner][vc_row_inner css=&#8221;.vc_custom_1585485553553{padding-right: 5vh !important;padding-left: 5vh !important;}&#8221;][vc_column_inner][vc_column_text el_id=&#8221;Y&#8221;] POL\u00cdTICA DE PRIVACIDAD Y PROTECCI\u00d3N DE DATOS [\/vc_column_text][vc_column_text][\/vc_column_text][vc_btn title=&#8221;DESCARGA&#8221; style=&#8221;flat&#8221; shape=&#8221;square&#8221; color=&#8221;green&#8221; link=&#8221;url:https%3A%2F%2Fgamdigital.com%2Fdownload%2F14233%2F|||&#8221;][\/vc_column_inner][\/vc_row_inner][vc_row_inner disable_element=&#8221;yes&#8221; css=&#8221;.vc_custom_1585506267137{padding-right: 5vh !important;padding-left: 5vh !important;}&#8221;][vc_column_inner][vc_column_text] POL\u00cdTICA DE PRIVACIDAD Y PROTECCI\u00d3N DE DATOS [\/vc_column_text][vc_column_text] 1. Informaci\u00f3n General La presente &#8220;Pol\u00edtica de Privacidad y Protecci\u00f3n de Datos&#8221; tiene&hellip;","og_url":"https:\/\/gamdigital.com\/ca\/politica-de-privacidad-y-proteccion-de-datos\/","og_site_name":"GAM DIGITAL","article_modified_time":"2020-03-31T07:15:15+00:00","twitter_card":"summary_large_image","twitter_misc":{"Temps estimat de lectura":"8 minuts"},"schema":{"@context":"https:\/\/schema.org","@graph":[{"@type":"WebPage","@id":"https:\/\/gamdigital.com\/ca\/politica-de-privacidad-y-proteccion-de-datos\/","url":"https:\/\/gamdigital.com\/ca\/politica-de-privacidad-y-proteccion-de-datos\/","name":"Pol\u00edtica de Privacidad y Protecci\u00f3n de Datos - GAM DIGITAL","isPartOf":{"@id":"https:\/\/gamdigital.com\/#website"},"datePublished":"2020-03-28T18:37:47+00:00","dateModified":"2020-03-31T07:15:15+00:00","breadcrumb":{"@id":"https:\/\/gamdigital.com\/ca\/politica-de-privacidad-y-proteccion-de-datos\/#breadcrumb"},"inLanguage":"ca","potentialAction":[{"@type":"ReadAction","target":["https:\/\/gamdigital.com\/ca\/politica-de-privacidad-y-proteccion-de-datos\/"]}]},{"@type":"BreadcrumbList","@id":"https:\/\/gamdigital.com\/ca\/politica-de-privacidad-y-proteccion-de-datos\/#breadcrumb","itemListElement":[{"@type":"ListItem","position":1,"name":"Portada","item":"https:\/\/gamdigital.com\/ca\/"},{"@type":"ListItem","position":2,"name":"Pol\u00edtica de Privacidad y Protecci\u00f3n de Datos"}]},{"@type":"WebSite","@id":"https:\/\/gamdigital.com\/#website","url":"https:\/\/gamdigital.com\/","name":"GAM DIGITAL","description":"Especialistes en impressi\u00f3 digital d\u2019alta qualitat","potentialAction":[{"@type":"SearchAction","target":{"@type":"EntryPoint","urlTemplate":"https:\/\/gamdigital.com\/?s={search_term_string}"},"query-input":"required name=search_term_string"}],"inLanguage":"ca"}]}},"_links":{"self":[{"href":"https:\/\/gamdigital.com\/ca\/wp-json\/wp\/v2\/pages\/14258"}],"collection":[{"href":"https:\/\/gamdigital.com\/ca\/wp-json\/wp\/v2\/pages"}],"about":[{"href":"https:\/\/gamdigital.com\/ca\/wp-json\/wp\/v2\/types\/page"}],"author":[{"embeddable":true,"href":"https:\/\/gamdigital.com\/ca\/wp-json\/wp\/v2\/users\/1"}],"replies":[{"embeddable":true,"href":"https:\/\/gamdigital.com\/ca\/wp-json\/wp\/v2\/comments?post=14258"}],"version-history":[{"count":8,"href":"https:\/\/gamdigital.com\/ca\/wp-json\/wp\/v2\/pages\/14258\/revisions"}],"predecessor-version":[{"id":14503,"href":"https:\/\/gamdigital.com\/ca\/wp-json\/wp\/v2\/pages\/14258\/revisions\/14503"}],"wp:attachment":[{"href":"https:\/\/gamdigital.com\/ca\/wp-json\/wp\/v2\/media?parent=14258"}],"curies":[{"name":"wp","href":"https:\/\/api.w.org\/{rel}","templated":true}]}}