{"id":14256,"date":"2020-03-03T15:27:35","date_gmt":"2020-03-03T15:27:35","guid":{"rendered":"https:\/\/gamdigital.com\/politica-de-cookies\/"},"modified":"2020-03-30T10:54:15","modified_gmt":"2020-03-30T10:54:15","slug":"politica-de-cookies","status":"publish","type":"page","link":"https:\/\/gamdigital.com\/ca\/politica-de-cookies\/","title":{"rendered":"Pol\u00edtica de Cookies"},"content":{"rendered":"<section class=\"wpb-content-wrapper\">[vc_row parallax=&#8221;content-moving&#8221; parallax_image=&#8221;11006&#8243; thb_divider_position=&#8221;bottom&#8221; css=&#8221;.vc_custom_1566155086726{padding-top: 150px !important;padding-bottom: 100px !important;}&#8221;][vc_column][vc_row_inner][vc_column_inner][\/vc_column_inner][\/vc_row_inner][vc_row_inner css=&#8221;.vc_custom_1566154846075{padding-right: 5vh !important;padding-left: 5vh !important;}&#8221;][vc_column_inner][vc_column_text]\n<h2 style=\"color: #172e4b; text-align: left;\">POL\u00cdTICA DE COOKIES<\/h2>\n[\/vc_column_text][vc_column_text]A fi de complir amb el que disposa l\u2019article 22 de la Llei 34\/2002, d\u201911 de juliol, de serveis de la societat de la informaci\u00f3 i del comer\u00e7 electr\u00f2nic, l\u2019informem que el nostre Lloc Web utilitza cookies.<\/p>\n<p>La present Pol\u00edtica t\u00e9 per finalitat informar a l\u2019Usuari, de forma clara i completa, sobre el funcionament i finalitat de les cookies que s\u2019utilitzen en el nostre Lloc Web.<\/p>\n<p>Al fer clic a qualsevol bot\u00f3, casella de verificaci\u00f3 o enlla\u00e7 contingut en el Lloc Web, omplir un formulari o fer login, descarregar qualsevol contingut o fer scroll, l\u2019Usuari manifesta la seva acceptaci\u00f3 a l\u2019\u00fas de cookies que realitza el Lloc Web i la instal\u00b7laci\u00f3 de les mateixes a l\u2019ordinador utilitzat per aquest per accedir i navegar a trav\u00e9s del mateix (incloent els dispositius m\u00f2bils i els navegadors); aix\u00ed com a la recollida i tractament de les dades de car\u00e0cter personal de l\u2019Uusari de la manera i finalitats descrites en aquesta Pol\u00edtica de Cookies.<\/p>\n<p>La present Pol\u00edtica de Cookies pot estar subjecte a canvis. En conseq\u00fc\u00e8ncia, recomanem al Usuari revisar aquesta pol\u00edtica cada vegada que accedeixi al nostre Lloc Web per estar informat sobre eventuals canvis en la mateixa.<\/p>\n<p>En cas de no estar d\u2019acord amb aquesta <strong>Pol\u00edtica de Cookies<\/strong>, l\u2019Usuari ha d\u2019abstenir-se d\u2019utilitzar el Lloc Web i abandonar el mateix de forma immediata.<\/p>\n<p><strong>Qu\u00e8 \u00e9s una cookie?<\/strong><\/p>\n<p>Una cookie \u00e9s un fitxer que es descarrega en el terminal (per exemple, un ordinador, un tel\u00e8fon m\u00f2bil, una tablet, etc.) de l\u2019Usuari quan aquest accedeix a determinades p\u00e0gines web, com per exemple, aquesta. Les cookies permeten a aquestes p\u00e0gines web, entre altres coses, monitorejar, emmagatzemar i recuperar informaci\u00f3 sobre els h\u00e0bits de navegaci\u00f3 de l\u2019Usuari (per exemple, prefer\u00e8ncies, perfil, claus d\u2019acc\u00e9s, etc.) aix\u00ed com obtenir informaci\u00f3 t\u00e8cnica relacionada amb la navegabilitat de les p\u00e0gines web. Les cookies tamb\u00e9 contribueixen a la funcionalitat, usabilitat i accessibilitat de les p\u00e0gines web.<\/p>\n<p>Depenent de la funci\u00f3 i finalitat de les cookies, existeixen diversos tipus:<\/p>\n<p><strong>Anal\u00edtiques<\/strong> . \u2013 Aquestes cookies recullen informaci\u00f3 amb la finalitat de permetre als llocs web realitzar una avaluaci\u00f3 de l\u2019\u00fas que fan els Usuaris dels mateixos i la seva activitat general aix\u00ed com recopilar dades estad\u00edstiques. Les cookies anal\u00edtiques mesuren i recullen dades del Lloc web (visites, par\u00e0metres de tr\u00e0fic, clicks, p\u00e0gines vistes, etc.) per entendre i optimitzar la p\u00e0gina web.<\/p>\n<p><strong>Socials<\/strong> . \u2013 S\u00f3n necess\u00e0ries per a les xarxes socials externes (Facebook, Google, Twitter, Pinterest, etc.). La seva funci\u00f3 \u00e9s controlar la interacci\u00f3 amb els ginys socials dins d\u2019una p\u00e0gina web.<\/p>\n<p><strong>Cookies de publicitat i comportamentales<\/strong> . \u2013 Recullen informaci\u00f3 sobre els h\u00e0bits de navegaci\u00f3 de l\u2019Usuari i el seu comportament amb la finalitat d\u2019identificar les prefer\u00e8ncies, gustos i h\u00e0bits dins d\u2019un Lloc web espec\u00edfic. Aquestes cookies permeten adequar el contingut de la publicitat sobre la base de l\u2019an\u00e0lisi realitzada dels h\u00e0bits de navegaci\u00f3 de l\u2019Usuari i deduint les caracter\u00edstiques del mateix com a localitzaci\u00f3, grup d\u2019edat, g\u00e8nere.<\/p>\n<p><strong>T\u00e8cniques<\/strong> . \u2013 S\u00f3n les estrictament necess\u00e0ries per a la funcionalitat i la navegabilitat d\u2019una p\u00e0gina web, permeten la navegaci\u00f3 de l\u2019Usuari a trav\u00e9s d\u2019aquesta p\u00e0gina o aplicaci\u00f3 i la utilitzaci\u00f3 de les seves diferents opcions o serveis.<\/p>\n<p><strong>Cookies de personalitzaci\u00f3<\/strong> . \u2013 S\u00f3n aquelles que permeten als llocs web conservar determinades prefer\u00e8ncies (per exemple, idioma, pa\u00eds, configuraci\u00f3 regional, etc.) predefinides per l\u2019Usuari en la seva primera visita (i posteriors) en el Lloc web.<\/p>\n<p><strong>Cookies de tercers<\/strong> . \u2013 Les cookies de tercers s\u00f3n titularitat de tercers usades pels llocs web a objecte de gestionar i millorar el contingut i els serveis oferts.<\/p>\n<p>Per obtenir m\u00e9s informaci\u00f3 sobre les cookies, l\u2019Usuari pot visitar la p\u00e0gina web All About Cookies.org, accessible a trav\u00e9s del seg\u00fcent enllaci <a href=\"http:\/\/www.allaboutcookies.org\/es\">http:\/\/www.allaboutcookies.org\/es <\/a>.<\/p>\n[\/vc_column_text][\/vc_column_inner][\/vc_row_inner][vc_row_inner css=&#8221;.vc_custom_1566154846075{padding-right: 5vh !important;padding-left: 5vh !important;}&#8221;][vc_column_inner][vc_column_text]<strong>Quins tipus de cookies utilitza aquest Lloc Web?<\/strong><\/p>\n<p><strong>Cookies pr\u00f2pies<\/strong><\/p>\n<p>S\u00f3n enviades al seu ordinador i gestionades exclusivament per nosaltres per al millor funcionament del Lloc web. Aquestes cookies romanen en el seu navegador, permetent-nos identificar-li com a Usuari recurrent del Lloc web i personalitzar el seu contingut per oferir-li continguts ajustats a les seves prefer\u00e8ncies.<\/p>\n<p><strong>Cookies de tercers<\/strong><\/p>\n<p><strong>Google Analytics<\/strong><\/p>\n<p>El Lloc web utilitza Google Analytics, un servei anal\u00edtic web prestat per Google, Inc. (d\u2019ara endavant, \u201cGoogle\u201d), una empresa situada als Estats Units. Per punt, les dades recollides i tractats per Google Analytics (incloent l\u2019adre\u00e7a IP de l\u2019Usuari) podran ser transferits a Estats Units i emmagatzemats en els servidors de Google situats en dita pa\u00eds.<\/p>\n<p>Per mitj\u00e0 de les Google Analytics, <strong>GAM DIGITAL<\/strong> analitza la interacci\u00f3 de l\u2019Usuari amb el Lloc web, fa seguiment dels h\u00e0bits de navegaci\u00f3 del mateix dins de la mateixa, recull dades de la seva activitat perqu\u00e8 <strong>GAM DIGITAL<\/strong> pugui mesurar el rendiment d\u2019aquesta.<\/p>\n<p>L\u2019Usuari pot gestionar i bloquejar el tractament de les seves dades de car\u00e0cter personal a trav\u00e9s de Google Analytics mitjan\u00e7ant la configuraci\u00f3 del navegador usat per accedir al Lloc web.<\/p>\n<p>L\u2019Usuari pot ampliar la informaci\u00f3 aqu\u00ed continguda sobre Google Analytics en https:\/\/www.google.com\/analytics\/learn\/privacy.html?hl=es<\/p>\n<p>D\u2019altra banda, l\u2019Usuari pot desactivar Google Analytics mitjan\u00e7ant la instal\u00b7laci\u00f3 d\u2019un complement d\u2019inhabilitaci\u00f3. L\u2019Usuari pot obtenir m\u00e9s informaci\u00f3 sobre dita complemento en https:\/\/tools.google.com\/dlpage\/gaoptout?hl=es<\/p>\n<p><strong>Com puc bloquejar o eliminar les cookies?<\/strong><\/p>\n<p>Per bloquejar o eliminar les cookies instal\u00b7lades, l\u2019Usuari ha de configurar les opcions del navegador que utilitza. Aix\u00ed, si no desitges que s\u2019instal\u00b7lin cookies en el teu disc dur, has de configurar el navegador per no rebre-les.<\/p>\n<p>Aquests s\u00f3n els enlla\u00e7os dels principals navegadors que informen sobre l\u2019\u00fas de cookies:<\/p>\n<p><strong>NAVEGADORS PC<\/strong><\/p>\n<ul>\n<li>Firefox: <a href=\"https:\/\/support.mozilla.org\/es\/kb\/habilitar-y-deshabilitar-cookies-que-los-sitios-we\">https:\/\/support.mozilla.org\/es\/kb\/habilitar-y-deshabilitar-cookies-que-los-sitios-we <\/a><\/li>\n<li>Chrome: <a href=\"https:\/\/support.google.com\/chrome\/answer\/95647?hl=es\">https:\/\/support.google.com\/chrome\/answer\/95647?hl=es <\/a><\/li>\n<li>Explorer: <a href=\"https:\/\/support.microsoft.com\/es-es\/help\/17442\/windows-internet-explorer-delete-manage-cookies\">https:\/\/support.microsoft.com\/es-es\/help\/17442\/windows-internet-explorer-delete-manage-cookies <\/a><\/li>\n<li>Edge: <a href=\"https:\/\/support.microsoft.com\/es-es\/help\/17442\/windows-internet-explorer-delete-manage-cookies\">https:\/\/support.microsoft.com\/es-es\/help\/17442\/windows-internet-explorer-delete-manage-cookies <\/a><\/li>\n<li>Safari: <a href=\"https:\/\/support.apple.com\/kb\/ph19214?locale=es_es&amp;viewlocale=%C3%A9s_%C3%89S\">https:\/\/support.apple.com\/kb\/ph19214?locale=es_es&amp;viewlocale=\u00e9s_\u00c9S <\/a><\/li>\n<li>Opera: <a href=\"http:\/\/help.opera.com\/windows\/11.50\/es-es\/cookies.html\">http:\/\/help.opera.com\/windows\/11.50\/es-es\/cookies.html <\/a><\/li>\n<\/ul>\n<p><strong>NAVEGADORS DISPOSITIUS M\u00d2BIL<\/strong><\/p>\n<p>IOS: L\u2019Usuari pot obtenir informaci\u00f3 sobre com bloquejar l\u2019\u00fas de cookies i eliminar-les en:<\/p>\n<ul>\n<li>Opera: <a href=\"http:\/\/www.opera.com\/es-419\/help\/mini\/ios\">http:\/\/www.opera.com\/es-419\/help\/mini\/ios <\/a><\/li>\n<li>Safari: <a href=\"https:\/\/support.apple.com\/es-es\/ht201265\">https:\/\/support.apple.com\/es-es\/ht201265 <\/a><\/li>\n<li>Google Chrome: <a href=\"https:\/\/support.google.com\/chrome\/answer\/2392709?hl=es\">https:\/\/support.google.com\/chrome\/answer\/2392709?hl=es <\/a><\/li>\n<\/ul>\n<p>Android: L\u2019Usuari pot obtenir informaci\u00f3 sobre com bloquejar l\u2019\u00fas de cookies i eliminar-les en:<\/p>\n<ul>\n<li>Mozilla Firefox <a href=\"https:\/\/support.mozilla.org\/es\/kb\/habilitar-o-deshabilitar-cookies-en-firefox-para-android\">https:\/\/support.mozilla.org\/es\/kb\/habilitar-o-deshabilitar-cookies-en-firefox-para-android <\/a><\/li>\n<li>Google Chrome <a href=\"https:\/\/support.google.com\/chrome\/answer\/2392709?hl=es\">https:\/\/support.google.com\/chrome\/answer\/2392709?hl=es <\/a><\/li>\n<li>Windows Phone 7: L\u2019Usuari pot obtenir informaci\u00f3 sobre com bloquejar l\u2019\u00fas de cookies i eliminar-les en <a href=\"https:\/\/support.microsoft.com\/es-es\/help\/11696\/windows-phone-7\">https:\/\/support.microsoft.com\/es-es\/help\/11696\/windows-phone-7 <\/a><\/li>\n<\/ul>\n<p>El bloqueig, la deshabilitaci\u00f3 o l\u2019eliminaci\u00f3 de les cookies utilitzades per <strong>GAM DIGITAL<\/strong> en el lloc web pot afectar a la plena funcionalitat del mateix; fent que alguns serveis o funcions del lloc web no estiguin disponibles.<\/p>\n<p>Si vost\u00e8 desitja revocar el seu consentiment respecte a l\u2019\u00fas de cookies, posi\u2019s en contacte amb nosaltres a trav\u00e9s dels nostres canals d\u2019informacio.[\/vc_column_text][\/vc_column_inner][\/vc_row_inner][\/vc_column][\/vc_row]\n<\/section>","protected":false},"excerpt":{"rendered":"<p>[vc_row parallax=&#8221;content-moving&#8221; parallax_image=&#8221;11006&#8243; thb_divider_position=&#8221;bottom&#8221; css=&#8221;.vc_custom_1566155086726{padding-top: 150px !important;padding-bottom: 100px !important;}&#8221;][vc_column][vc_row_inner][vc_column_inner][\/vc_column_inner][\/vc_row_inner][vc_row_inner css=&#8221;.vc_custom_1566154846075{padding-right: 5vh !important;padding-left: 5vh !important;}&#8221;][vc_column_inner][vc_column_text] POL\u00cdTICA DE COOKIES [\/vc_column_text][vc_column_text]A fi de complir amb el que disposa l\u2019article 22 de la Llei 34\/2002, d\u201911 de juliol, de serveis de la societat de la informaci\u00f3 i del comer\u00e7 electr\u00f2nic, l\u2019informem que el nostre Lloc Web utilitza cookies. La&hellip;<\/p>\n","protected":false},"author":1,"featured_media":0,"parent":0,"menu_order":0,"comment_status":"closed","ping_status":"closed","template":"","meta":[],"yoast_head":"<!-- This site is optimized with the Yoast SEO plugin v20.11 - https:\/\/yoast.com\/wordpress\/plugins\/seo\/ -->\n<title>Pol\u00edtica de Cookies - GAM DIGITAL<\/title>\n<meta name=\"robots\" content=\"index, follow, max-snippet:-1, max-image-preview:large, max-video-preview:-1\" \/>\n<link rel=\"canonical\" href=\"https:\/\/gamdigital.com\/ca\/politica-de-cookies\/\" \/>\n<meta property=\"og:locale\" content=\"ca_ES\" \/>\n<meta property=\"og:type\" content=\"article\" \/>\n<meta property=\"og:title\" content=\"Pol\u00edtica de Cookies - GAM DIGITAL\" \/>\n<meta property=\"og:description\" content=\"[vc_row parallax=&#8221;content-moving&#8221; parallax_image=&#8221;11006&#8243; thb_divider_position=&#8221;bottom&#8221; css=&#8221;.vc_custom_1566155086726{padding-top: 150px !important;padding-bottom: 100px !important;}&#8221;][vc_column][vc_row_inner][vc_column_inner][\/vc_column_inner][\/vc_row_inner][vc_row_inner css=&#8221;.vc_custom_1566154846075{padding-right: 5vh !important;padding-left: 5vh !important;}&#8221;][vc_column_inner][vc_column_text] POL\u00cdTICA DE COOKIES [\/vc_column_text][vc_column_text]A fi de complir amb el que disposa l\u2019article 22 de la Llei 34\/2002, d\u201911 de juliol, de serveis de la societat de la informaci\u00f3 i del comer\u00e7 electr\u00f2nic, l\u2019informem que el nostre Lloc Web utilitza cookies. La&hellip;\" \/>\n<meta property=\"og:url\" content=\"https:\/\/gamdigital.com\/ca\/politica-de-cookies\/\" \/>\n<meta property=\"og:site_name\" content=\"GAM DIGITAL\" \/>\n<meta property=\"article:modified_time\" content=\"2020-03-30T10:54:15+00:00\" \/>\n<meta name=\"twitter:card\" content=\"summary_large_image\" \/>\n<meta name=\"twitter:label1\" content=\"Temps estimat de lectura\" \/>\n\t<meta name=\"twitter:data1\" content=\"7 minuts\" \/>\n<script type=\"application\/ld+json\" class=\"yoast-schema-graph\">{\"@context\":\"https:\/\/schema.org\",\"@graph\":[{\"@type\":\"WebPage\",\"@id\":\"https:\/\/gamdigital.com\/ca\/politica-de-cookies\/\",\"url\":\"https:\/\/gamdigital.com\/ca\/politica-de-cookies\/\",\"name\":\"Pol\u00edtica de Cookies - GAM DIGITAL\",\"isPartOf\":{\"@id\":\"https:\/\/gamdigital.com\/#website\"},\"datePublished\":\"2020-03-03T15:27:35+00:00\",\"dateModified\":\"2020-03-30T10:54:15+00:00\",\"breadcrumb\":{\"@id\":\"https:\/\/gamdigital.com\/ca\/politica-de-cookies\/#breadcrumb\"},\"inLanguage\":\"ca\",\"potentialAction\":[{\"@type\":\"ReadAction\",\"target\":[\"https:\/\/gamdigital.com\/ca\/politica-de-cookies\/\"]}]},{\"@type\":\"BreadcrumbList\",\"@id\":\"https:\/\/gamdigital.com\/ca\/politica-de-cookies\/#breadcrumb\",\"itemListElement\":[{\"@type\":\"ListItem\",\"position\":1,\"name\":\"Portada\",\"item\":\"https:\/\/gamdigital.com\/ca\/\"},{\"@type\":\"ListItem\",\"position\":2,\"name\":\"Pol\u00edtica de Cookies\"}]},{\"@type\":\"WebSite\",\"@id\":\"https:\/\/gamdigital.com\/#website\",\"url\":\"https:\/\/gamdigital.com\/\",\"name\":\"GAM DIGITAL\",\"description\":\"Especialistes en impressi\u00f3 digital d\u2019alta qualitat\",\"potentialAction\":[{\"@type\":\"SearchAction\",\"target\":{\"@type\":\"EntryPoint\",\"urlTemplate\":\"https:\/\/gamdigital.com\/?s={search_term_string}\"},\"query-input\":\"required name=search_term_string\"}],\"inLanguage\":\"ca\"}]}<\/script>\n<!-- \/ Yoast SEO plugin. -->","yoast_head_json":{"title":"Pol\u00edtica de Cookies - GAM DIGITAL","robots":{"index":"index","follow":"follow","max-snippet":"max-snippet:-1","max-image-preview":"max-image-preview:large","max-video-preview":"max-video-preview:-1"},"canonical":"https:\/\/gamdigital.com\/ca\/politica-de-cookies\/","og_locale":"ca_ES","og_type":"article","og_title":"Pol\u00edtica de Cookies - GAM DIGITAL","og_description":"[vc_row parallax=&#8221;content-moving&#8221; parallax_image=&#8221;11006&#8243; thb_divider_position=&#8221;bottom&#8221; css=&#8221;.vc_custom_1566155086726{padding-top: 150px !important;padding-bottom: 100px !important;}&#8221;][vc_column][vc_row_inner][vc_column_inner][\/vc_column_inner][\/vc_row_inner][vc_row_inner css=&#8221;.vc_custom_1566154846075{padding-right: 5vh !important;padding-left: 5vh !important;}&#8221;][vc_column_inner][vc_column_text] POL\u00cdTICA DE COOKIES [\/vc_column_text][vc_column_text]A fi de complir amb el que disposa l\u2019article 22 de la Llei 34\/2002, d\u201911 de juliol, de serveis de la societat de la informaci\u00f3 i del comer\u00e7 electr\u00f2nic, l\u2019informem que el nostre Lloc Web utilitza cookies. La&hellip;","og_url":"https:\/\/gamdigital.com\/ca\/politica-de-cookies\/","og_site_name":"GAM DIGITAL","article_modified_time":"2020-03-30T10:54:15+00:00","twitter_card":"summary_large_image","twitter_misc":{"Temps estimat de lectura":"7 minuts"},"schema":{"@context":"https:\/\/schema.org","@graph":[{"@type":"WebPage","@id":"https:\/\/gamdigital.com\/ca\/politica-de-cookies\/","url":"https:\/\/gamdigital.com\/ca\/politica-de-cookies\/","name":"Pol\u00edtica de Cookies - GAM DIGITAL","isPartOf":{"@id":"https:\/\/gamdigital.com\/#website"},"datePublished":"2020-03-03T15:27:35+00:00","dateModified":"2020-03-30T10:54:15+00:00","breadcrumb":{"@id":"https:\/\/gamdigital.com\/ca\/politica-de-cookies\/#breadcrumb"},"inLanguage":"ca","potentialAction":[{"@type":"ReadAction","target":["https:\/\/gamdigital.com\/ca\/politica-de-cookies\/"]}]},{"@type":"BreadcrumbList","@id":"https:\/\/gamdigital.com\/ca\/politica-de-cookies\/#breadcrumb","itemListElement":[{"@type":"ListItem","position":1,"name":"Portada","item":"https:\/\/gamdigital.com\/ca\/"},{"@type":"ListItem","position":2,"name":"Pol\u00edtica de Cookies"}]},{"@type":"WebSite","@id":"https:\/\/gamdigital.com\/#website","url":"https:\/\/gamdigital.com\/","name":"GAM DIGITAL","description":"Especialistes en impressi\u00f3 digital d\u2019alta qualitat","potentialAction":[{"@type":"SearchAction","target":{"@type":"EntryPoint","urlTemplate":"https:\/\/gamdigital.com\/?s={search_term_string}"},"query-input":"required name=search_term_string"}],"inLanguage":"ca"}]}},"_links":{"self":[{"href":"https:\/\/gamdigital.com\/ca\/wp-json\/wp\/v2\/pages\/14256"}],"collection":[{"href":"https:\/\/gamdigital.com\/ca\/wp-json\/wp\/v2\/pages"}],"about":[{"href":"https:\/\/gamdigital.com\/ca\/wp-json\/wp\/v2\/types\/page"}],"author":[{"embeddable":true,"href":"https:\/\/gamdigital.com\/ca\/wp-json\/wp\/v2\/users\/1"}],"replies":[{"embeddable":true,"href":"https:\/\/gamdigital.com\/ca\/wp-json\/wp\/v2\/comments?post=14256"}],"version-history":[{"count":4,"href":"https:\/\/gamdigital.com\/ca\/wp-json\/wp\/v2\/pages\/14256\/revisions"}],"predecessor-version":[{"id":14428,"href":"https:\/\/gamdigital.com\/ca\/wp-json\/wp\/v2\/pages\/14256\/revisions\/14428"}],"wp:attachment":[{"href":"https:\/\/gamdigital.com\/ca\/wp-json\/wp\/v2\/media?parent=14256"}],"curies":[{"name":"wp","href":"https:\/\/api.w.org\/{rel}","templated":true}]}}