{"id":14255,"date":"2020-03-16T17:19:35","date_gmt":"2020-03-16T17:19:35","guid":{"rendered":"https:\/\/gamdigital.com\/contactar\/"},"modified":"2020-04-01T10:13:32","modified_gmt":"2020-04-01T10:13:32","slug":"contactar","status":"publish","type":"page","link":"https:\/\/gamdigital.com\/ca\/contactar\/","title":{"rendered":"contactar"},"content":{"rendered":"<section class=\"wpb-content-wrapper\">[vc_row thb_full_width=&#8221;true&#8221; thb_row_padding=&#8221;true&#8221; thb_column_padding=&#8221;true&#8221; thb_divider_position=&#8221;bottom&#8221; el_id=&#8221;SingularMap&#8221;][vc_column][vc_gmaps link=&#8221;#E-8_JTNDaWZyYW1lJTIwc3JjJTNEJTIyaHR0cHMlM0ElMkYlMkZ3d3cuZ29vZ2xlLmNvbSUyRm1hcHMlMkZlbWJlZCUzRnBiJTNEJTIxMW0xOCUyMTFtMTIlMjExbTMlMjExZDE0OTcuMDI3NTA4MTA3Mjk0JTIxMmQyLjEyNTgwOTU1ODMxNTQyMTclMjEzZDQxLjM3Mjg4OTQwNzYxMDkwNiUyMTJtMyUyMTFmMCUyMTJmMCUyMTNmMCUyMTNtMiUyMTFpMTAyNCUyMTJpNzY4JTIxNGYxMy4xJTIxM20zJTIxMW0yJTIxMXMweDEyYTQ5ODhkMTRkMDE1Y2YlMjUzQTB4OWE0NzNlZmU0MzhjMjNkNiUyMTJzR0FNJTI1MjBEaWdpdGFsJTIxNWUwJTIxM20yJTIxMXNlcyUyMTJzZXMlMjE0djE1ODQ0NjMzNzc3NDklMjE1bTIlMjExc2VzJTIxMnNlcyUyMiUyMHdpZHRoJTNEJTIyNjAwJTIyJTIwaGVpZ2h0JTNEJTIyNDUwJTIyJTIwZnJhbWVib3JkZXIlM0QlMjIwJTIyJTIwc3R5bGUlM0QlMjJib3JkZXIlM0EwJTNCJTIyJTIwYWxsb3dmdWxsc2NyZWVuJTNEJTIyJTIyJTIwYXJpYS1oaWRkZW4lM0QlMjJmYWxzZSUyMiUyMHRhYmluZGV4JTNEJTIyMCUyMiUzRSUzQyUyRmlmcmFtZSUzRQ==&#8221;][\/vc_column][\/vc_row][vc_row thb_divider_position=&#8221;bottom&#8221;][vc_column width=&#8221;1\/6&#8243;][\/vc_column][vc_column width=&#8221;2\/3&#8243;][vc_column_text]\n<h5>CONTACTA<\/h5>\n<h4>Escriu-nos per a qualsevol consulta sobre els nostres serveis o sol\u00b7licitut de pressupost.<\/h4>\n[\/vc_column_text]\n<div class=\"wpcf7 no-js\" id=\"wpcf7-f14431-o1\" lang=\"es-ES\" dir=\"ltr\">\n<div class=\"screen-reader-response\"><p role=\"status\" aria-live=\"polite\" aria-atomic=\"true\"><\/p> <ul><\/ul><\/div>\n<form action=\"\/ca\/wp-json\/wp\/v2\/pages\/14255#wpcf7-f14431-o1\" method=\"post\" class=\"wpcf7-form init wpcf7-acceptance-as-validation\" aria-label=\"Formulario de contacto\" novalidate=\"novalidate\" data-status=\"init\">\n<div style=\"display: none;\">\n<input type=\"hidden\" name=\"_wpcf7\" value=\"14431\" \/>\n<input type=\"hidden\" name=\"_wpcf7_version\" value=\"5.8.5\" \/>\n<input type=\"hidden\" name=\"_wpcf7_locale\" value=\"es_ES\" \/>\n<input type=\"hidden\" name=\"_wpcf7_unit_tag\" value=\"wpcf7-f14431-o1\" \/>\n<input type=\"hidden\" name=\"_wpcf7_container_post\" value=\"0\" \/>\n<input type=\"hidden\" name=\"_wpcf7_posted_data_hash\" value=\"\" \/>\n<\/div>\n<p><label> NOM I COGNOMS (obligatori)<br \/>\n<span class=\"wpcf7-form-control-wrap\" data-name=\"your-name\"><input size=\"40\" class=\"wpcf7-form-control wpcf7-text wpcf7-validates-as-required\" aria-required=\"true\" aria-invalid=\"false\" value=\"\" type=\"text\" name=\"your-name\" \/><\/span> <\/label>\n<\/p>\n<p><label> E-MAIL (obligatori)<br \/>\n<span class=\"wpcf7-form-control-wrap\" data-name=\"your-email\"><input size=\"40\" class=\"wpcf7-form-control wpcf7-email wpcf7-validates-as-required wpcf7-text wpcf7-validates-as-email\" aria-required=\"true\" aria-invalid=\"false\" value=\"\" type=\"email\" name=\"your-email\" \/><\/span> <\/label>\n<\/p>\n<p><label> MISSATGE<br \/>\n<span class=\"wpcf7-form-control-wrap\" data-name=\"your-message\"><textarea cols=\"40\" rows=\"10\" class=\"wpcf7-form-control wpcf7-textarea\" aria-invalid=\"false\" name=\"your-message\"><\/textarea><\/span> <\/label><br \/>\n<label><span class=\"wpcf7-form-control-wrap\" data-name=\"privacidad\"><span class=\"wpcf7-form-control wpcf7-acceptance\"><span class=\"wpcf7-list-item\"><label><input type=\"checkbox\" name=\"privacidad\" value=\"1\" aria-invalid=\"false\" \/><span class=\"wpcf7-list-item-label\">HE ESTAT INFORMAT, ENTENC I AUTORITZO  <a rel=\"nofollow\" href=\"https:\/\/gamdigital.com\/ca\/politica-de-privacidad-y-proteccion-de-datos\/\" target=\"_blank\">EL TRACTAMENT DE DADES PERSONALS<\/a><\/span><\/label><\/span><\/span><\/span><\/label><br \/>\n<label><span class=\"wpcf7-form-control-wrap kc_captcha\" data-name=\"kc_captcha\"><span class=\"wpcf7-form-control wpcf7-radio\"><span class=\"captcha-image\" ><span class=\"cf7ic_instructions\">Por favor demuestra que eres humano, selecciona<span>  el \u00e1rbol<\/span>.<\/span><label><input type=\"radio\" name=\"kc_captcha\" value=\"bot\" \/><svg width=\"50\" height=\"50\" aria-hidden=\"true\" role=\"img\" xmlns=\"http:\/\/www.w3.org\/2000\/svg\" viewBox=\"0 0 512 512\"><path fill=\"currentColor\" d=\"M350 99c-54 0-98-35-166-35-25 0-47 4-68 12a56 56 0 004-24C118 24 95 1 66 0a56 56 0 00-34 102v386c0 13 11 24 24 24h16c13 0 24-11 24-24v-94c28-12 64-23 114-23 54 0 98 35 166 35 48 0 86-16 122-41 9-6 14-15 14-26V96c0-23-24-39-45-29-35 16-77 32-117 32z\"\/><\/svg><\/label><label><input type=\"radio\" name=\"kc_captcha\" value=\"bot\" \/><svg width=\"50\" height=\"50\" aria-hidden=\"true\" role=\"img\" xmlns=\"http:\/\/www.w3.org\/2000\/svg\" viewBox=\"0 0 640 512\"><path fill=\"currentColor\" d=\"M624 352h-16V244c0-13-5-25-14-34L494 110c-9-9-21-14-34-14h-44V48c0-26-21-48-48-48H48C22 0 0 22 0 48v320c0 27 22 48 48 48h16a96 96 0 00192 0h128a96 96 0 00192 0h48c9 0 16-7 16-16v-32c0-9-7-16-16-16zM160 464a48 48 0 110-96 48 48 0 010 96zm320 0a48 48 0 110-96 48 48 0 010 96zm80-208H416V144h44l100 100v12z\"\/><\/svg><\/label><label><input type=\"radio\" name=\"kc_captcha\" value=\"kc_human\" \/><svg width=\"50\" height=\"50\" aria-hidden=\"true\" role=\"img\" xmlns=\"http:\/\/www.w3.org\/2000\/svg\" viewBox=\"0 0 384 512\"><path fill=\"currentColor\" d=\"M377 375l-83-87h34c21 0 32-25 17-40l-82-88h33c21 0 32-25 18-40L210 8c-10-11-26-11-36 0L70 120c-14 15-3 40 18 40h33l-82 88c-15 15-4 40 17 40h34L7 375c-15 16-4 41 17 41h120c0 33-11 49-34 68-12 9-5 28 10 28h144c15 0 22-19 10-28-20-16-34-32-34-68h120c21 0 32-25 17-41z\"\/><\/svg><\/label>\n    <\/span>\n    <span style=\"display:none\">\n        <input type=\"text\" name=\"kc_honeypot\">\n    <\/span><\/span><\/span><\/label>\n<\/p>\n<p><input class=\"wpcf7-form-control wpcf7-submit has-spinner\" type=\"submit\" value=\"ENVIAR\" \/>\n<\/p><div class=\"wpcf7-response-output\" aria-hidden=\"true\"><\/div>\n<\/form>\n<\/div>\n[vc_column_text]\n<h6>En nom de l&#8217;empresa tractem la informaci\u00f3 que ens facilita amb la finalitat de prestar-los el servei sol\u00b7licitat. Les dades proporcionades es conservaran mentre es mantingui la relaci\u00f3 comercial o durant el temps necessari per a complir amb les obligacions legals. Les dades no se cediran a tercers excepte en els casos en qu\u00e8 existeixi una obligaci\u00f3 legal. Vost\u00e8 t\u00e9 dret a obtenir confirmaci\u00f3 sobre si en GAM DIGITAL S.L. estem tractant les seves dades personals per tant t\u00e9 dret a accedir a les seves dades personals, rectificar les dades inexactes o sol\u00b7licitar la seva supressi\u00f3 quan les dades ja no siguin necessaris. Pot tenir acc\u00e9s a informaci\u00f3 addicional sobre com tractem les seves dades en la secci\u00f3 \u201c<a href=\"https:\/\/gamdigital.com\/ca\/politica-de-privacidad-y-proteccion-de-datos\/\" target=\"_blank\" rel=\"noopener noreferrer\"><span style=\"color: #000000;\">Pol\u00edtica de Privacitat i Protecci\u00f3 de Dades<\/span><\/a>\u201d, en aquesta mateixa p\u00e0gina web.<\/h6>\n[\/vc_column_text][vc_column_text]<strong>GAM DIGITAL | <\/strong>C\/ Bonsoms 12 \u00b7 08028 Barcelona | T. 932 98 08 69 | <strong><a href=\"mailto:gam@gamdigital.com\">gam@gamdigital.com<\/a> <\/strong>| <a href=\"https:\/\/www.google.com\/maps\/dir\/\/GAM+Digital,+Carrer+de+Bonsoms,+12,+08028+Barcelona\/@41.3728149,2.1267537,17z\/data=!4m16!1m6!3m5!1s0x0:0x9a473efe438c23d6!2sGAM+Digital!8m2!3d41.3728874!4d2.1269039!4m8!1m0!1m5!1m1!1s0x12a4988d14d015cf:0x9a473efe438c23d6!2m2!1d2.1269039!2d41.3728874!3e2\" target=\"_blank\" rel=\"noopener noreferrer\"><strong>Com arribar-hi<\/strong><\/a>[\/vc_column_text][\/vc_column][vc_column width=&#8221;1\/6&#8243;][\/vc_column][\/vc_row]\n<\/section>","protected":false},"excerpt":{"rendered":"<p>[vc_row thb_full_width=&#8221;true&#8221; thb_row_padding=&#8221;true&#8221; thb_column_padding=&#8221;true&#8221; thb_divider_position=&#8221;bottom&#8221; el_id=&#8221;SingularMap&#8221;][vc_column][vc_gmaps link=&#8221;#E-8_JTNDaWZyYW1lJTIwc3JjJTNEJTIyaHR0cHMlM0ElMkYlMkZ3d3cuZ29vZ2xlLmNvbSUyRm1hcHMlMkZlbWJlZCUzRnBiJTNEJTIxMW0xOCUyMTFtMTIlMjExbTMlMjExZDE0OTcuMDI3NTA4MTA3Mjk0JTIxMmQyLjEyNTgwOTU1ODMxNTQyMTclMjEzZDQxLjM3Mjg4OTQwNzYxMDkwNiUyMTJtMyUyMTFmMCUyMTJmMCUyMTNmMCUyMTNtMiUyMTFpMTAyNCUyMTJpNzY4JTIxNGYxMy4xJTIxM20zJTIxMW0yJTIxMXMweDEyYTQ5ODhkMTRkMDE1Y2YlMjUzQTB4OWE0NzNlZmU0MzhjMjNkNiUyMTJzR0FNJTI1MjBEaWdpdGFsJTIxNWUwJTIxM20yJTIxMXNlcyUyMTJzZXMlMjE0djE1ODQ0NjMzNzc3NDklMjE1bTIlMjExc2VzJTIxMnNlcyUyMiUyMHdpZHRoJTNEJTIyNjAwJTIyJTIwaGVpZ2h0JTNEJTIyNDUwJTIyJTIwZnJhbWVib3JkZXIlM0QlMjIwJTIyJTIwc3R5bGUlM0QlMjJib3JkZXIlM0EwJTNCJTIyJTIwYWxsb3dmdWxsc2NyZWVuJTNEJTIyJTIyJTIwYXJpYS1oaWRkZW4lM0QlMjJmYWxzZSUyMiUyMHRhYmluZGV4JTNEJTIyMCUyMiUzRSUzQyUyRmlmcmFtZSUzRQ==&#8221;][\/vc_column][\/vc_row][vc_row thb_divider_position=&#8221;bottom&#8221;][vc_column width=&#8221;1\/6&#8243;][\/vc_column][vc_column width=&#8221;2\/3&#8243;][vc_column_text] CONTACTA Escriu-nos per a qualsevol consulta sobre els nostres serveis o sol\u00b7licitut de pressupost. [\/vc_column_text][vc_column_text] En nom de l&#8217;empresa tractem la informaci\u00f3 que ens facilita amb la finalitat de prestar-los el servei sol\u00b7licitat. Les dades proporcionades es conservaran mentre es mantingui la relaci\u00f3 comercial o&hellip;<\/p>\n","protected":false},"author":1,"featured_media":0,"parent":0,"menu_order":0,"comment_status":"closed","ping_status":"closed","template":"","meta":[],"yoast_head":"<!-- This site is optimized with the Yoast SEO plugin v20.11 - https:\/\/yoast.com\/wordpress\/plugins\/seo\/ -->\n<title>contactar - GAM DIGITAL<\/title>\n<meta name=\"robots\" content=\"index, follow, max-snippet:-1, max-image-preview:large, max-video-preview:-1\" \/>\n<link rel=\"canonical\" href=\"https:\/\/gamdigital.com\/ca\/contactar\/\" \/>\n<meta property=\"og:locale\" content=\"ca_ES\" \/>\n<meta property=\"og:type\" content=\"article\" \/>\n<meta property=\"og:title\" content=\"contactar - GAM DIGITAL\" \/>\n<meta property=\"og:description\" content=\"[vc_row thb_full_width=&#8221;true&#8221; thb_row_padding=&#8221;true&#8221; thb_column_padding=&#8221;true&#8221; thb_divider_position=&#8221;bottom&#8221; el_id=&#8221;SingularMap&#8221;][vc_column][vc_gmaps link=&#8221;#E-8_JTNDaWZyYW1lJTIwc3JjJTNEJTIyaHR0cHMlM0ElMkYlMkZ3d3cuZ29vZ2xlLmNvbSUyRm1hcHMlMkZlbWJlZCUzRnBiJTNEJTIxMW0xOCUyMTFtMTIlMjExbTMlMjExZDE0OTcuMDI3NTA4MTA3Mjk0JTIxMmQyLjEyNTgwOTU1ODMxNTQyMTclMjEzZDQxLjM3Mjg4OTQwNzYxMDkwNiUyMTJtMyUyMTFmMCUyMTJmMCUyMTNmMCUyMTNtMiUyMTFpMTAyNCUyMTJpNzY4JTIxNGYxMy4xJTIxM20zJTIxMW0yJTIxMXMweDEyYTQ5ODhkMTRkMDE1Y2YlMjUzQTB4OWE0NzNlZmU0MzhjMjNkNiUyMTJzR0FNJTI1MjBEaWdpdGFsJTIxNWUwJTIxM20yJTIxMXNlcyUyMTJzZXMlMjE0djE1ODQ0NjMzNzc3NDklMjE1bTIlMjExc2VzJTIxMnNlcyUyMiUyMHdpZHRoJTNEJTIyNjAwJTIyJTIwaGVpZ2h0JTNEJTIyNDUwJTIyJTIwZnJhbWVib3JkZXIlM0QlMjIwJTIyJTIwc3R5bGUlM0QlMjJib3JkZXIlM0EwJTNCJTIyJTIwYWxsb3dmdWxsc2NyZWVuJTNEJTIyJTIyJTIwYXJpYS1oaWRkZW4lM0QlMjJmYWxzZSUyMiUyMHRhYmluZGV4JTNEJTIyMCUyMiUzRSUzQyUyRmlmcmFtZSUzRQ==&#8221;][\/vc_column][\/vc_row][vc_row thb_divider_position=&#8221;bottom&#8221;][vc_column width=&#8221;1\/6&#8243;][\/vc_column][vc_column width=&#8221;2\/3&#8243;][vc_column_text] CONTACTA Escriu-nos per a qualsevol consulta sobre els nostres serveis o sol\u00b7licitut de pressupost. [\/vc_column_text][vc_column_text] En nom de l&#8217;empresa tractem la informaci\u00f3 que ens facilita amb la finalitat de prestar-los el servei sol\u00b7licitat. Les dades proporcionades es conservaran mentre es mantingui la relaci\u00f3 comercial o&hellip;\" \/>\n<meta property=\"og:url\" content=\"https:\/\/gamdigital.com\/ca\/contactar\/\" \/>\n<meta property=\"og:site_name\" content=\"GAM DIGITAL\" \/>\n<meta property=\"article:modified_time\" content=\"2020-04-01T10:13:32+00:00\" \/>\n<meta name=\"twitter:card\" content=\"summary_large_image\" \/>\n<meta name=\"twitter:label1\" content=\"Temps estimat de lectura\" \/>\n\t<meta name=\"twitter:data1\" content=\"1 minut\" \/>\n<script type=\"application\/ld+json\" class=\"yoast-schema-graph\">{\"@context\":\"https:\/\/schema.org\",\"@graph\":[{\"@type\":\"WebPage\",\"@id\":\"https:\/\/gamdigital.com\/ca\/contactar\/\",\"url\":\"https:\/\/gamdigital.com\/ca\/contactar\/\",\"name\":\"contactar - GAM DIGITAL\",\"isPartOf\":{\"@id\":\"https:\/\/gamdigital.com\/#website\"},\"datePublished\":\"2020-03-16T17:19:35+00:00\",\"dateModified\":\"2020-04-01T10:13:32+00:00\",\"breadcrumb\":{\"@id\":\"https:\/\/gamdigital.com\/ca\/contactar\/#breadcrumb\"},\"inLanguage\":\"ca\",\"potentialAction\":[{\"@type\":\"ReadAction\",\"target\":[\"https:\/\/gamdigital.com\/ca\/contactar\/\"]}]},{\"@type\":\"BreadcrumbList\",\"@id\":\"https:\/\/gamdigital.com\/ca\/contactar\/#breadcrumb\",\"itemListElement\":[{\"@type\":\"ListItem\",\"position\":1,\"name\":\"Portada\",\"item\":\"https:\/\/gamdigital.com\/ca\/\"},{\"@type\":\"ListItem\",\"position\":2,\"name\":\"contactar\"}]},{\"@type\":\"WebSite\",\"@id\":\"https:\/\/gamdigital.com\/#website\",\"url\":\"https:\/\/gamdigital.com\/\",\"name\":\"GAM DIGITAL\",\"description\":\"Especialistes en impressi\u00f3 digital d\u2019alta qualitat\",\"potentialAction\":[{\"@type\":\"SearchAction\",\"target\":{\"@type\":\"EntryPoint\",\"urlTemplate\":\"https:\/\/gamdigital.com\/?s={search_term_string}\"},\"query-input\":\"required name=search_term_string\"}],\"inLanguage\":\"ca\"}]}<\/script>\n<!-- \/ Yoast SEO plugin. -->","yoast_head_json":{"title":"contactar - GAM DIGITAL","robots":{"index":"index","follow":"follow","max-snippet":"max-snippet:-1","max-image-preview":"max-image-preview:large","max-video-preview":"max-video-preview:-1"},"canonical":"https:\/\/gamdigital.com\/ca\/contactar\/","og_locale":"ca_ES","og_type":"article","og_title":"contactar - GAM DIGITAL","og_description":"[vc_row thb_full_width=&#8221;true&#8221; thb_row_padding=&#8221;true&#8221; thb_column_padding=&#8221;true&#8221; thb_divider_position=&#8221;bottom&#8221; el_id=&#8221;SingularMap&#8221;][vc_column][vc_gmaps link=&#8221;#E-8_JTNDaWZyYW1lJTIwc3JjJTNEJTIyaHR0cHMlM0ElMkYlMkZ3d3cuZ29vZ2xlLmNvbSUyRm1hcHMlMkZlbWJlZCUzRnBiJTNEJTIxMW0xOCUyMTFtMTIlMjExbTMlMjExZDE0OTcuMDI3NTA4MTA3Mjk0JTIxMmQyLjEyNTgwOTU1ODMxNTQyMTclMjEzZDQxLjM3Mjg4OTQwNzYxMDkwNiUyMTJtMyUyMTFmMCUyMTJmMCUyMTNmMCUyMTNtMiUyMTFpMTAyNCUyMTJpNzY4JTIxNGYxMy4xJTIxM20zJTIxMW0yJTIxMXMweDEyYTQ5ODhkMTRkMDE1Y2YlMjUzQTB4OWE0NzNlZmU0MzhjMjNkNiUyMTJzR0FNJTI1MjBEaWdpdGFsJTIxNWUwJTIxM20yJTIxMXNlcyUyMTJzZXMlMjE0djE1ODQ0NjMzNzc3NDklMjE1bTIlMjExc2VzJTIxMnNlcyUyMiUyMHdpZHRoJTNEJTIyNjAwJTIyJTIwaGVpZ2h0JTNEJTIyNDUwJTIyJTIwZnJhbWVib3JkZXIlM0QlMjIwJTIyJTIwc3R5bGUlM0QlMjJib3JkZXIlM0EwJTNCJTIyJTIwYWxsb3dmdWxsc2NyZWVuJTNEJTIyJTIyJTIwYXJpYS1oaWRkZW4lM0QlMjJmYWxzZSUyMiUyMHRhYmluZGV4JTNEJTIyMCUyMiUzRSUzQyUyRmlmcmFtZSUzRQ==&#8221;][\/vc_column][\/vc_row][vc_row thb_divider_position=&#8221;bottom&#8221;][vc_column width=&#8221;1\/6&#8243;][\/vc_column][vc_column width=&#8221;2\/3&#8243;][vc_column_text] CONTACTA Escriu-nos per a qualsevol consulta sobre els nostres serveis o sol\u00b7licitut de pressupost. [\/vc_column_text][vc_column_text] En nom de l&#8217;empresa tractem la informaci\u00f3 que ens facilita amb la finalitat de prestar-los el servei sol\u00b7licitat. Les dades proporcionades es conservaran mentre es mantingui la relaci\u00f3 comercial o&hellip;","og_url":"https:\/\/gamdigital.com\/ca\/contactar\/","og_site_name":"GAM DIGITAL","article_modified_time":"2020-04-01T10:13:32+00:00","twitter_card":"summary_large_image","twitter_misc":{"Temps estimat de lectura":"1 minut"},"schema":{"@context":"https:\/\/schema.org","@graph":[{"@type":"WebPage","@id":"https:\/\/gamdigital.com\/ca\/contactar\/","url":"https:\/\/gamdigital.com\/ca\/contactar\/","name":"contactar - GAM DIGITAL","isPartOf":{"@id":"https:\/\/gamdigital.com\/#website"},"datePublished":"2020-03-16T17:19:35+00:00","dateModified":"2020-04-01T10:13:32+00:00","breadcrumb":{"@id":"https:\/\/gamdigital.com\/ca\/contactar\/#breadcrumb"},"inLanguage":"ca","potentialAction":[{"@type":"ReadAction","target":["https:\/\/gamdigital.com\/ca\/contactar\/"]}]},{"@type":"BreadcrumbList","@id":"https:\/\/gamdigital.com\/ca\/contactar\/#breadcrumb","itemListElement":[{"@type":"ListItem","position":1,"name":"Portada","item":"https:\/\/gamdigital.com\/ca\/"},{"@type":"ListItem","position":2,"name":"contactar"}]},{"@type":"WebSite","@id":"https:\/\/gamdigital.com\/#website","url":"https:\/\/gamdigital.com\/","name":"GAM DIGITAL","description":"Especialistes en impressi\u00f3 digital d\u2019alta qualitat","potentialAction":[{"@type":"SearchAction","target":{"@type":"EntryPoint","urlTemplate":"https:\/\/gamdigital.com\/?s={search_term_string}"},"query-input":"required name=search_term_string"}],"inLanguage":"ca"}]}},"_links":{"self":[{"href":"https:\/\/gamdigital.com\/ca\/wp-json\/wp\/v2\/pages\/14255"}],"collection":[{"href":"https:\/\/gamdigital.com\/ca\/wp-json\/wp\/v2\/pages"}],"about":[{"href":"https:\/\/gamdigital.com\/ca\/wp-json\/wp\/v2\/types\/page"}],"author":[{"embeddable":true,"href":"https:\/\/gamdigital.com\/ca\/wp-json\/wp\/v2\/users\/1"}],"replies":[{"embeddable":true,"href":"https:\/\/gamdigital.com\/ca\/wp-json\/wp\/v2\/comments?post=14255"}],"version-history":[{"count":12,"href":"https:\/\/gamdigital.com\/ca\/wp-json\/wp\/v2\/pages\/14255\/revisions"}],"predecessor-version":[{"id":14707,"href":"https:\/\/gamdigital.com\/ca\/wp-json\/wp\/v2\/pages\/14255\/revisions\/14707"}],"wp:attachment":[{"href":"https:\/\/gamdigital.com\/ca\/wp-json\/wp\/v2\/media?parent=14255"}],"curies":[{"name":"wp","href":"https:\/\/api.w.org\/{rel}","templated":true}]}}